{"id":85,"date":"2024-01-07T18:59:46","date_gmt":"2024-01-07T17:59:46","guid":{"rendered":"https:\/\/radisici.ba\/?page_id=85"},"modified":"2024-01-13T08:33:21","modified_gmt":"2024-01-13T07:33:21","slug":"clanovi-mrtvacnice","status":"publish","type":"page","link":"https:\/\/radisici.ba\/?page_id=85","title":{"rendered":"\u010clanovi mrtva\u010dnice"},"content":{"rendered":"<p style=\"text-align: left;\"><strong>Popis \u010dlanova mrtva\u010dnice Krvnica <\/strong><\/p>\n<p style=\"text-align: left;\"><strong>Gornji Radi\u0161i\u0107i<\/strong><\/p>\n<ol style=\"text-align: left;\">\n<li>Ivan Mileti\u0107 p. Mije &#8220;\u0106i\u0107e&#8221;<\/li>\n<li>Mirko Mileti\u0107 p. Mije &#8211; Predgra\u0111e<\/li>\n<li>Ante Zlopa\u0161a p. Marijana<\/li>\n<li>Mile Ere\u0161 p. Bari\u0161e<\/li>\n<li>Mladen Mileti\u0107 p. Marijana<\/li>\n<li>Jozo Mari\u0107 p. Ante<\/li>\n<li>Zoran Bunoza p. Marijana<\/li>\n<li>Iva Bunoza ud. Milanova<\/li>\n<li>Denis Luburi\u0107 p. Mirka<\/li>\n<li>Ivan Primorac p. \u0160imuna<\/li>\n<li>Marijan Bunoza p. Bo\u017ee<\/li>\n<li>Rade Ere\u0161 p. Franje<\/li>\n<li>Mirko Vujevi\u0107 p. Marka-Mitul<\/li>\n<li>Vinko Vujevi\u0107 p. Rafe<\/li>\n<li>Rudo Dugand\u017ei\u0107 p. Mirka<\/li>\n<li>Ivan Ere\u0161 p. Stojana<\/li>\n<li>Ante Ere\u0161 p. Ivana &#8211; Marki\u010di\u0107<\/li>\n<li>Mladen Primorac p. Ante<\/li>\n<li>Ante Medi\u0107 p. Stanka<\/li>\n<li>Mirko Bunoza p. Ante<\/li>\n<li>Mate Primorac p. Marijana<\/li>\n<li>Stana Primorac ud. Blagina<\/li>\n<li>Zdravka Tomi\u0107 ud. Vladina<\/li>\n<li>Vlado Primorac p. Nikole<\/li>\n<li>Mijo Bok\u0161i\u0107 p. Ivana<\/li>\n<li>Branko Bok\u0161i\u0107 p. Pere<\/li>\n<li>Zoran Bok\u0161i\u0107 p. Ivana<\/li>\n<li>Ante \u0160unji\u0107 p. Stipe .<\/li>\n<li>Ivan Primorac Antin<\/li>\n<li>Ante Primorac p. Marijana<\/li>\n<li>Vinka Bunoza ud. Ivanova<\/li>\n<li>Marijan Zovak p. Ante<\/li>\n<li>Vikica Zlopasa ud. Mirkova<\/li>\n<li>Ante Bunoza p. Marijana- Iki\u0107<\/li>\n<li>Mirko Primorac Antin<\/li>\n<li>Goran Ere\u0161 p. Joze<\/li>\n<li>Miljenko Ere\u0161 p. Kre\u0161e<\/li>\n<li>Pero Dugand\u017ei\u0107 p. Branka<\/li>\n<li>Veselka Primorac ud. Sre\u0107kova<\/li>\n<li>Mate Tomi\u0107 p. Ludovika<\/li>\n<li>\u017darko Bunoza p. Mirka<\/li>\n<li>Sre\u0107ko Bunoza p. Pere<\/li>\n<li>Grgo Ere\u0161 p. Bla\u017ea<\/li>\n<li>Miljenko Tomi\u0107 p. Zdravka<\/li>\n<li>Nevenko Skoko p. Mije<\/li>\n<li>Dane Bunoza Darinkov<\/li>\n<li>Katica Tomi\u0107 ud. Draganova<\/li>\n<li>Franjo Penava p. Dragin<\/li>\n<li>Kata Primorac ud. Mladanova<\/li>\n<li>Branko Tomi\u0107 p. Mirka<\/li>\n<li>Ivan Luburi\u0107 p. Marijana-Kovi\u0107<\/li>\n<li>Ivan Primorac p. Filipa<\/li>\n<li>Stipe Tomi\u0107 p. Mirka<\/li>\n<li>Anica Vujevi\u0107 ud. Antina<\/li>\n<li>Sre\u0107ko Primorac p. Dragin<\/li>\n<li>Slobodan Bunoza Antin<\/li>\n<li>Mile Dugand\u017ei\u0107 p. Stanka<\/li>\n<li>Ante Primorac p. Franje<\/li>\n<li>\u017darko Vujevi\u0107 p. Pere &#8211; Bakuli\u0107<\/li>\n<li>Jure Kova\u010di\u0107 Jozin<\/li>\n<li>Tomislav Tomi\u0107 p. Ludovika<\/li>\n<li>Jagoda Ere\u0161 ud. Mladenova<\/li>\n<li>Ivan Tomi\u0107 p. Zvonke<\/li>\n<li>Josip Luburi\u0107 Antin -\u0160aravanjki\u0107<\/li>\n<li>Marijan Dropulji\u0107 p. Nikole &#8211; \u0106iro<\/li>\n<li>Marin Medi\u0107 &#8211; Jadrankin<\/li>\n<li>Jure Bunoza p. Stanka &#8211; Cuci\u0107<\/li>\n<li>Blago Ere\u0161 p. Stojana<\/li>\n<li>Drago Primorac p. Karla<\/li>\n<li>Mila Ere\u0161 ud. Antina<\/li>\n<li>Blago Ere\u0161 p. Tadije<\/li>\n<li>Rudo Vujevi\u0107 p. Joze<\/li>\n<li>Ivica Mili\u0107evi\u0107 p. Ante<\/li>\n<li>Mila Mili\u0107evi\u0107 ud. Antina<\/li>\n<li>Jozo Medi\u0107 Antin<\/li>\n<li>Berislav Bunoza p. Zvonke<\/li>\n<li>Mladenka Mari\u0107 p. Mije<\/li>\n<li>Nedjeljko Ere\u0161 Ivanov &#8211; \u0160kice<\/li>\n<li>Mirko Ere\u0161 Ivanov<\/li>\n<li>Jozo Bok\u0161i\u0107 p. Blage<\/li>\n<li>Bo\u017ee Ere\u0161 p. Tome<\/li>\n<li>Branko Zlopa\u0161a p. Ivana<\/li>\n<li>Renato Ere\u0161 p. Joze<\/li>\n<li>Kre\u0161imir Tomi\u0107 p. Ludovika<\/li>\n<li>Pavao Bunoza p. Mare<\/li>\n<li>Milenko Dropulji\u0107 Ivanov<\/li>\n<li>Dragica Primorac ud. Dragina &#8211; \u0106oli\u0161an<\/li>\n<li>Zdravka Medi\u0107 ud. Jurina<\/li>\n<li>Mile Ere\u0161 p. Bo\u017ee<\/li>\n<li>Anica Medi\u0107 ud. Milana<\/li>\n<li>Mirko Dropulji\u0107 p. Marijana<\/li>\n<li>Drago Medi\u0107 p. Jure<\/li>\n<li>Mario Tomi\u0107 p. Zdravka<\/li>\n<li>Vice Ere\u0161 p. Franje<\/li>\n<li>Mijo Medi\u0107 Ani\u010din<\/li>\n<li>Sre\u0107ko Tomi\u0107 p. Mirka &#8211; Dubrovnik<\/li>\n<li>Ante Medi\u0107 Ivanov &#8211; D\u017eudi\u0107<\/li>\n<li>Ante Mili\u0107evi\u0107 p. \u017darka<\/li>\n<li>Jasna Medi\u0107 ud. Mladanova<\/li>\n<li>Zoran Ere\u0161 p. Joze<\/li>\n<li>Ljilja Bunoza ud. Mirkova<\/li>\n<li>Marijan Spaji\u0107 p. Ante<\/li>\n<li>Fra Ante Medi\u0107 p. Stanka &#8211; \u0160vicarska<\/li>\n<li>Marko Medi\u0107 p. Jure<\/li>\n<li>Stanko Medi\u0107 p. Jure &#8211; De\u0107a<\/li>\n<li>Mijo Mi\u0107a Medi\u0107 Ivanov<\/li>\n<li>Jozo Spaji\u0107 p. Stipe<\/li>\n<li>Ante Bunoza p. Bo\u017ee<\/li>\n<li>Ivan Tomi\u0107 p. Mirka<\/li>\n<li>Ante Zlopa\u0161a p. Grge -Vitan<\/li>\n<li>Mijo Ere\u0161 p. Lovre &#8211; Zagreb<\/li>\n<li>Fra Vladimir Ere\u0161 p. Franje<\/li>\n<li>Matan Bok\u0161i\u0107 p. Pere<\/li>\n<li>\u017deljko Tomi\u0107 p. Milana<\/li>\n<li>Milenko Boras p. Nikole<\/li>\n<li>Milan Dropulji\u0107 p. Stipe<\/li>\n<li>Darinko Bunoza p. Nikole<\/li>\n<li>Vinko Bunoza p. Mirka<\/li>\n<li>Vesna Bunoza p. Anice<\/li>\n<li>Ilija Luburi\u0107 p. Ante<\/li>\n<li>Ivan Primorac p. Kri\u017eana<\/li>\n<li>Mila Primorac ud. Antina<\/li>\n<li>Bla\u017e Primorac p. Tome<\/li>\n<li>Jozo Dropulji\u0107 p. Stipe<\/li>\n<li>Ljilja Primorac ud. Markova<\/li>\n<li>Kre\u0161o Bunoza p. Nikole<\/li>\n<li>Ivica Ere\u0161 Vladin<\/li>\n<li>Nikola Nosi\u0107 p. Tome<\/li>\n<li>Ante \u0160unji\u0107 p. Karla<\/li>\n<li>Mate Ere\u0161 p. Stipe<\/li>\n<li>Ivica Primorac Markov<\/li>\n<li>Nedjeljko Primorac p. Marka<\/li>\n<li>Vlado Bok\u0161i\u0107 p. Blage<\/li>\n<li>Branko Mileti\u0107 p. Ivana<\/li>\n<li>Stanko Bunoza p. Veselka<\/li>\n<li>Vedran Juri\u0107 p. Ante<\/li>\n<li>An\u0111elko Peri\u0107 p. Joze<\/li>\n<li>Jozo Primorac p. Ivana<\/li>\n<li>Ante Zlopa\u0161a p. Grge<\/li>\n<li>Ranko Primorac p. Rade<\/li>\n<li>Romeo Primorac p. Vladimira<\/li>\n<li>\u017deljko Mari\u0107 p. Ivana<\/li>\n<li>Lutko Primorac p. Kate<\/li>\n<li>Blago Bunoza p.Marka ( Bajkanovi\u0107)<\/li>\n<li>Janja Luburi\u0107 ud. Marijanova \u201eKovi\u0107\u201c<\/li>\n<li>Ivan Rogi\u0107 p. Franje<\/li>\n<li>Milenko Bunoza Stipin<\/li>\n<li>Ivica Azinovi\u0107 p Marka<\/li>\n<li>Vinko Medi\u0107 p Ante<\/li>\n<li>Mladen Zlopa\u0161a p Ivana<\/li>\n<li>Stanko Primorac p Rude<\/li>\n<li>Ilija Primorac p Ivana<\/li>\n<\/ol>\n<p style=\"text-align: left;\"><strong>Donji Radi\u0161i\u0107i<\/strong><\/p>\n<ol style=\"text-align: left;\">\n<li>Milan Mad\u017ear p. Mate<\/li>\n<li>Kre\u0161o Dropulji\u0107 p. Nikole<\/li>\n<li>Darinka Dropulji\u0107 ud. Antina<\/li>\n<li>Ivan Ba\u0161i\u0107 p. Ante<\/li>\n<li>Drago Hrsti\u0107 p. Ivana<\/li>\n<li>Petar \u0160unji\u0107 p. Stojana<\/li>\n<li>Zvonko Skoko p. Pere<\/li>\n<li>Vinko Luburi\u0107 p. Marijana<\/li>\n<li>Marijan Ere\u0161 p. Karla<\/li>\n<li>Karlo Ere\u0161 Marijanov<\/li>\n<li>Franjo \u0160unji\u0107 p. Filipa<\/li>\n<li>Ivanka Primorac ud. Kre\u0161ina<\/li>\n<li>Mladen Bunoza p. Marijana<\/li>\n<li>Branko Medi\u0107 p. Marka<\/li>\n<li>Franjo Ba\u0161i\u0107 p. Marijana<\/li>\n<li>Marica Tomi\u0107 ud. Markova<\/li>\n<li>Ante Tomi\u0107 p. Marka<\/li>\n<li>Slava Tomi\u0107 ud. Jukina<\/li>\n<li>Mladen Mili\u0107evi\u0107 p. Ante<\/li>\n<li>Ivan \u0160arac p. Stipe<\/li>\n<li>Kata Skoko ud. Filipova<\/li>\n<li>Mirko Hrsti\u0107 p. Luke<\/li>\n<li>Markan Knezovi\u0107 Radoslavov<\/li>\n<li>Ladislav Luburi\u0107 p. Mirka<\/li>\n<li>Pero Konjovod Bo\u017ein<\/li>\n<li>Ivan Luburi\u0107 p. Stipana<\/li>\n<li>Radoslav Knezovi\u0107 p. Marka<\/li>\n<li>Stojan Mili\u0107evi\u0107 p. Jure<\/li>\n<li>Kre\u0161o Hrsti\u0107 p. Ivana<\/li>\n<li>Stojan Mad\u017ear p. Bla\u017ea<\/li>\n<li>Mirko Mikuli\u0107 p. Mate<\/li>\n<li>Kata Luburi\u0107 p. Stipana<\/li>\n<li>Kre\u0161o Rogi\u0107 p. Luke<\/li>\n<li>Kre\u0161o Medi\u0107 p. Drage<\/li>\n<li>Milenko Ere\u0161 p. Nikole<\/li>\n<li>Ivan Medi\u0107 p. Marijana<\/li>\n<li>Milan Radi\u0107 p. Ante<\/li>\n<li>Bari\u0161a \u0160unji\u0107 p. Mije<\/li>\n<li>Ivan Marki\u0107 p. Bo\u017ee<\/li>\n<li>Martin Mili\u0107evi\u0107 p. Kri\u017eana<\/li>\n<li>Milijan Mili\u0107evi\u0107 p. Blage<\/li>\n<li>Dana Marki\u0107 ud. Marijanova<\/li>\n<li>Marijan Ere\u0161 p. Stojana<\/li>\n<li>Zoran \u0160unji\u0107 p. Mije<\/li>\n<li>Vilka \u0160unji\u0107 ud. Stankova<\/li>\n<li>Franjo Primorac p. Marka<\/li>\n<li>Mladen Luburi\u0107 Antin &#8220;\u0160ari\u0107&#8221;<\/li>\n<li>Drago Luburi\u0107 Antin &#8220;\u0160ari\u0107&#8221;<\/li>\n<li>Mila \u0160krobo ud. Veselkova<\/li>\n<li>Matija Marki\u0107 ud. Milanova<\/li>\n<li>Zdenka Radi\u0107 ud Marijanova<\/li>\n<li>Mladen Radi\u0107 p. Ivana<\/li>\n<li>Berislav Rogi\u0107 p. Marijana &#8221; Baja&#8221;<\/li>\n<li>Miroslav Ere\u0161 p. Ante &#8211; Solinki\u0107<\/li>\n<li>Cvitan Mili\u0107evi\u0107 p. Kri\u017eana<\/li>\n<li>Mirjana Herceg ud. \u0160imunova<\/li>\n<li>Ivan Bunoza p. Ljube<\/li>\n<li>Dra\u017een Medi\u0107 Kre\u0161in<\/li>\n<li>Danijel Medi\u0107 Filipov<\/li>\n<li>Ru\u017eica Luburi\u0107 ud. Marijanova<\/li>\n<li>Stojka Marki\u0107 p. Ante<\/li>\n<li>Drago Herceg Ljubin<\/li>\n<li>Bo\u017ee Hrsti\u0107 p. \u017darka<\/li>\n<li>Vilka Marki\u0107 ud. Jozina<\/li>\n<li>Zora Medi\u0107 ud. Antina<\/li>\n<li>Ru\u017ea Tomi\u0107 ud. Mirkova<\/li>\n<li>Ivan Hrsti\u0107 Dragin<\/li>\n<li>Vinko Skoko p. Mirka<\/li>\n<li>Mile \u0160krobo p. Joze<\/li>\n<li>Mladen Medi\u0107 p. Marijana<\/li>\n<li>Dominik Primorac Martinov (Matin)<\/li>\n<li>Goran Medi\u0107 p. Kri\u017eana<\/li>\n<li>Ivan Mili\u0107evi\u0107 p. Kri\u017eana<\/li>\n<li>Nikola Hrsti\u0107 p. Vinka<\/li>\n<li>Ante Ere\u0161 p. Tadije<\/li>\n<li>Jozo Tomi\u0107 p. Franje<\/li>\n<li>Stana Medi\u0107 ud. Antina<\/li>\n<li>Bla\u017e Knezovi\u0107 p. Marka<\/li>\n<li>Pero Primorac p. Franje<\/li>\n<li>Mijo-Mi\u0107e Tomi\u0107 p. Nikole<\/li>\n<li>Mile Tomi\u0107 p. Mirka<\/li>\n<li>Ante Dropulji\u0107 p. Mate<\/li>\n<li>Kre\u0161imir Alilovi\u0107 p. Ivana<\/li>\n<li>Mirko \u0160kegro Bari\u0161in<\/li>\n<li>Petar Dugand\u017ei\u0107 p. Stipe<\/li>\n<li>Zdravko Herceg p. Stanka<\/li>\n<li>Mirko Medi\u0107 p. Jure<\/li>\n<li>Mladen Ba\u0161i\u0107 p. Stanka<\/li>\n<li>Darinko Tomi\u0107 p. Mile<\/li>\n<li>Ljilja Skegro ud. Ivanova<\/li>\n<li>Petar Dugand\u017ei\u0107 p. Ante<\/li>\n<li>Ante Dugand\u017ei\u0107 Petrov -Duga<\/li>\n<li>Mirko Mi\u0107an Marki\u0107 p. Ivana<\/li>\n<li>Ivica Bunoza p. Radoslava<\/li>\n<li>Ivica \u0160arac p. Mate<\/li>\n<li>Pero Ba\u0161i\u0107 p. Mirka<\/li>\n<li>Zlatan Bunoza Milin<\/li>\n<li>Ante \u0160unji\u0107 Petrov<\/li>\n<li>Stojan Kolobari\u0107 p. Lovre<\/li>\n<li>Milenko Hrsti\u0107 p. Vinka<\/li>\n<li>Ante Tomi\u0107 p. Rude<\/li>\n<li>Kri\u017ean Knezovi\u0107 p. Marka<\/li>\n<li>\u0160imun Mili\u0107evi\u0107 p. Franje<\/li>\n<li>Ivan Medi\u0107 p. Filipa &#8220;\u0106i\u0107e&#8221;<\/li>\n<li>Mirko Primorac p. Anice<\/li>\n<li>Mitko Marki\u0107 p. Bo\u017ee<\/li>\n<li>Ante Alilovi\u0107 p. Marka<\/li>\n<li>Ivica Bunoza p. Ivana &#8211; Bajkanovi\u0107<\/li>\n<li>Jakov Bunoza p. Ante<\/li>\n<li>Ivan Mad\u017ear Milanov<\/li>\n<li>Zeljko Mad\u017ear Bo\u017ein<\/li>\n<li>Dra\u017een Medi\u0107 p. Ante<\/li>\n<li>Mile Bunoza p. Ante<\/li>\n<li>Stipe \u0106ipa Medi\u0107 p. Pere &#8211; Bojki\u0107<\/li>\n<li>Veselko Skoko p. Bo\u017ee<\/li>\n<li>Vinko Ba\u0161i\u0107 p. Ante &#8211; Antoti\u0107<\/li>\n<li>Stanko Ba\u0161i\u0107 p. \u0160imuna<\/li>\n<li>Drago Marki\u0107 p. Ante &#8211; Radan<\/li>\n<li>Ivan \u0160krobo p. Drage<\/li>\n<li>Stojka Knezovi\u0107 ud. Stankova<\/li>\n<li>Slavka Luburi\u0107 ud. Matina<\/li>\n<li>Milenko Primorac p. Mate<\/li>\n<li>Stanko Ere\u0161 p. Bla\u017ea<\/li>\n<li>Marko Ba\u0161i\u0107 p. Ante<\/li>\n<li>Vesa Mikuli\u0107 ud. Dragina<\/li>\n<li>Danica Ba\u0161i\u0107 ud. Pavina<\/li>\n<li>Marinko Medi\u0107 p. Matana<\/li>\n<li>Ante Tomi\u0107 Josipov<\/li>\n<li>Iva Alilovi\u0107 ud. Milina<\/li>\n<li>Vinko Primorac p. Ante<\/li>\n<li>Milenko Pavlovi\u0107 p. Ivana<\/li>\n<li>Stana Ba\u0161i\u0107 ud . \u0160imunova<\/li>\n<li>Jo\u0161ko Hrsti\u0107 Dragin<\/li>\n<li>Mladen \u0160krobo p. Joze<\/li>\n<li>Rudolf Mili\u0107evi\u0107 p. Ante<\/li>\n<li>Mila Ba\u0161i\u0107 ud. Marijanova<\/li>\n<li>Danica Pervan ud. Mirkova<\/li>\n<li>Mirko Mad\u017ear Nikolin<\/li>\n<li>Ankica Ba\u0161i\u0107 ud. Gojkova<\/li>\n<li>Bo\u017ee Medi\u0107 p. \u017darka &#8211; Bojki\u0107<\/li>\n<li>Ante Paponja Milenkov<\/li>\n<li>An\u0111a Ba\u0161i\u0107 ud. Matina<\/li>\n<li>Mladen Marki\u0107. Vinkov<\/li>\n<li>Drago Ere\u0161 p.Ante &#8211; Solinki\u0107<\/li>\n<li>Marijan Ere\u0161 p. Ante Solinki\u0107<\/li>\n<li>Ante Hrsti\u0107 p. \u017darka<\/li>\n<li>Milenko Mi\u0107a Marki\u0107<\/li>\n<li>Vinkov Mirko Dropulji\u0107 p. Franje<\/li>\n<li>Ante Dugand\u017ei\u0107 p. Stanka<\/li>\n<li>Mladen Skoko p. Pere<\/li>\n<li>Milan Skoko p. Pere<\/li>\n<li>Nedjeljko Primorac p. Marijana<\/li>\n<li>Mijo Medi\u0107 p. Ante<\/li>\n<li>Mi\u0107a Petar Hrsti\u0107 p. Jure<\/li>\n<li>\u017deljko Primorac Bla\u017eev<\/li>\n<li>Jure Skoko p. Mate-Jukul<\/li>\n<li>Pavao Bunoza p. Marka &#8211; Bajkanovi\u0107<\/li>\n<li>Stjepan Pepo Tomi\u0107 p. Josipa<\/li>\n<li>Stanko Skoko p. Pere<\/li>\n<li>Dra\u017een Skoko Antin<\/li>\n<li>Ivan Skoko p. Pere<\/li>\n<li>Sre\u0107ko Medi\u0107 p. Marka<\/li>\n<li>Marijan Primorac p. Mate &#8211; \u0160ego<\/li>\n<li>Luka Marki\u0107 p. Filipa<\/li>\n<li>Branko Marki\u0107 p. Ante<\/li>\n<li>Dragan Marki\u0107 Vinkov<\/li>\n<li>Ivan Medi\u0107 p. Stanka<\/li>\n<li>Marijan \u010colak p. Stanka<\/li>\n<li>Mate Ere\u0161 p. Marijana &#8211; Solinki\u0107<\/li>\n<li>Rade Medi\u0107 p. Mirka<\/li>\n<li>Bono Bunoza p. Marka &#8211; Bajkanovi\u0107<\/li>\n<li>Ante Hrsti\u0107 p. Sre\u0107ka<\/li>\n<li>Marijan Tomi\u0107 p. Bo\u017ee<\/li>\n<li>Andrija Luburi\u0107 p. Luke<\/li>\n<li>Nevenko Ba\u0161i\u0107 p. \u0160imuna<\/li>\n<li>Ante Knezovi\u0107 p. Marijana<\/li>\n<li>Vinko Rogi\u0107 p. Joze<\/li>\n<li>Radoslav Pavlovi\u0107 p. Mirka<\/li>\n<li>Mladen Zovak Mijin<\/li>\n<li>Ivan Skoko p. Pere<\/li>\n<li>Milan Hrsti\u0107 p. Mije<\/li>\n<li>Vlado Medi\u0107 Dragin<\/li>\n<li>Jozo Knezovi\u0107 p. Mate<\/li>\n<li>Marijan Tomi\u0107 p. \u0160imuna<\/li>\n<li>Kristijan Luburi\u0107 p. Kre\u0161e<\/li>\n<li>Goran Spaji\u0107 Mladenov<\/li>\n<li>Ivan Skoko Filipov &#8211; MAKARSKA<\/li>\n<li>Fra Dra\u017eenko Tomi\u0107 p. Joze<\/li>\n<li>Stanko Tomi\u0107 p. Mije<\/li>\n<li>Drago Hrsti\u0107 p. Joze<\/li>\n<li>Mirko \u0160unji\u0107 p. Stojana<\/li>\n<li>Petar Tomi\u0107 p. Ivana<\/li>\n<li>Kre\u0161imir Medi\u0107 p. Marijana<\/li>\n<li>Marijan Medi\u0107 Kre\u0161imirov<\/li>\n<li>Nikola Dugand\u017ei\u0107 p. Ante<\/li>\n<li>Mate Skoko Jurin<\/li>\n<li>Ranko Luburi\u0107 p. Ante<\/li>\n<li>Luka \u0160unji\u0107 p. Stojana<\/li>\n<li>Dragan Mikuli\u0107 p. Mate<\/li>\n<li>Rudi Mad\u017ear p. Jerke<\/li>\n<li>Filip Skoko p. Ivana<\/li>\n<li>Ante Mad\u017ear p. Ivana<\/li>\n<li>Milenko Vrcan p. Stipe<\/li>\n<li>Rudo Marki\u0107 p. Ivana<\/li>\n<li>Vinko Lovri\u0107 p. Vinka<\/li>\n<li>Ivica Alilovi\u0107 Radin -Zagreb<\/li>\n<li>Nikola Zlopa\u0161a p. Grge<\/li>\n<li>Stojan Medi\u0107 p. Marka<\/li>\n<li>Mirko Tomi\u0107 p. Mije &#8211; Split<\/li>\n<li>Ante Ere\u0161 p. Bari\u0161e<\/li>\n<li>Goran Luburi\u0107 Mirkov<\/li>\n<li>Stojka Skoko ud. Milina<\/li>\n<li>Jozo Tomi\u0107 p. Franje<\/li>\n<li>Branko Dropulji\u0107 p. Ante<\/li>\n<li>Stanko \u0160arac p. Ivana<\/li>\n<li>Milica Ba\u0161i\u0107 ud. Dragina<\/li>\n<li>Karlo Vrcan p. Stipe<\/li>\n<li>Drago Spaji\u0107 Matin<\/li>\n<li>Mate Spaji\u0107 p. Grge<\/li>\n<li>Mila Marki\u0107 ud. Matina<\/li>\n<li>Stanko Hrsti\u0107 p. Mije<\/li>\n<li>Mladen Hrstic Mirkov<\/li>\n<li>Rudolf Medi\u0107 p. Marijana<\/li>\n<li>Ante Luburi\u0107 p. Joze<\/li>\n<li>Marijan Medi\u0107 p. Karla<\/li>\n<li>Miro Tomi\u0107 Marijanov<\/li>\n<li>Marijan Hrsti\u0107 p. Jure<\/li>\n<li>Ivica Herceg p. Ljube<\/li>\n<li>Darinko Tomi\u0107 p. Mile<\/li>\n<li>Bla\u017e Tomi\u0107 p. Ante<\/li>\n<li>Senka \u0160unji\u0107 ud. Vjekoslavova<\/li>\n<li>Ranko Tomi\u0107 p. \u017darka<\/li>\n<li>Stana Vrcan ud. Stipanova<\/li>\n<li>Ivan Marki\u0107 p. Ante<\/li>\n<li>Slavka Skoko ud. Marijanova<\/li>\n<li>Mirko \u0160arac p. Drage<\/li>\n<li>Mara Zovak ud. Perina<\/li>\n<li>Ivica \u0160unji\u0107 p. Stanka<\/li>\n<li>Luka Mad\u017ear p. Bla\u017ea<\/li>\n<li>Marin Mari\u0107 p. Stojana<\/li>\n<li>Stanko Mad\u017ear p. Nikole<\/li>\n<li>Kristijan \u0160krobo p. Stojana<\/li>\n<li>Blago Dropulji\u0107 p. Stipe<\/li>\n<li>Milenko Ba\u0161i\u0107 p. \u0160imuna<\/li>\n<li>Radoslav Luburi\u0107 p. Andrije<\/li>\n<li>Ante Mili\u0107evi\u0107 Vinkov<\/li>\n<li>Luka Prskalo p. Ivana<\/li>\n<li>Marko Primorac Ljubanov<\/li>\n<li>Stojan Primorac p. Joze<\/li>\n<li>Matija Medi\u0107 ud. Mate<\/li>\n<li>Anica Luburi\u0107 ud. Ante<\/li>\n<li>L. B. (podatci poznati uredni\u0161tvu)<\/li>\n<li>Drago Bok\u0161i\u0107 p. Blage<\/li>\n<li>Zvonko Luburi\u0107 p. Ivana<\/li>\n<li>Stojan Marki\u0107 p. Pere<\/li>\n<li>Ranko Bunoza Antin<\/li>\n<li>Mirko Medi\u0107 Antin<\/li>\n<li>Ante Luburi\u0107 p. Marka<\/li>\n<li>Jozo \u0160unji\u0107 p. Damjana<\/li>\n<li>Mile Luburi\u0107 Ivanov &#8211; Kovi\u0107<\/li>\n<li>Rade (Bla\u017ea) Lavri\u0107<\/li>\n<li>Ru\u017ea Skoko udov. Jure &#8211; Ljubu\u0161ki<\/li>\n<li>Mladen Primorac p. Mate<\/li>\n<li>Vinko Medi\u0107 p. Marijana<\/li>\n<li>Radoslav Skoko p. Nikole<\/li>\n<li><\/li>\n<\/ol>\n<p style=\"text-align: left;\"><strong>Donirane \u010dlanske iskaznice<\/strong><\/p>\n<ol>\n<li style=\"text-align: left;\">Draga Pervan p. Mande<\/li>\n<li style=\"text-align: left;\">Kata Medi\u0107 p. Nikole<\/li>\n<li style=\"text-align: left;\">An\u0111a Ba\u0161i\u0107 ud. Matina<\/li>\n<li style=\"text-align: left;\">Dragica Spaji\u0107 p. Stipe<\/li>\n<li style=\"text-align: left;\">Milica Alilovi\u0107 p. Marka<\/li>\n<li style=\"text-align: left;\">Anica Ba\u0161i\u0107 p. Marka<\/li>\n<li style=\"text-align: left;\">Biserka Ere\u0161 p. Marijana<\/li>\n<li style=\"text-align: left;\">Anica Luburi\u0107 p. Ante<\/li>\n<li style=\"text-align: left;\">Stanko Primorac p. Ante<\/li>\n<li style=\"text-align: left;\">Janja Primorac p. Lovre G<\/li>\n<li style=\"text-align: left;\">Stoja Dropulji\u0107 p. Marijana<\/li>\n<li style=\"text-align: left;\">Anica Bunoza ud. Stanka<\/li>\n<li style=\"text-align: left;\">Vilka Vrcan p. Ante<\/li>\n<li style=\"text-align: left;\">Ante Tomi\u0107 p. Brune<\/li>\n<li style=\"text-align: left;\">Stana \u0160unji\u0107 p. Nikole<\/li>\n<li style=\"text-align: left;\">Vesa \u0160arac p. Stipe<\/li>\n<li style=\"text-align: left;\">Ante Brki\u0107 p. Bo\u017ee<\/li>\n<li style=\"text-align: left;\">Kata Tomi\u0107 ud. Radina<\/li>\n<li style=\"text-align: left;\">Mirjana Bunoza ud. Jozina<\/li>\n<li style=\"text-align: left;\">Mila Mili\u0107evi\u0107 p. Mate<\/li>\n<li style=\"text-align: left;\">Ante Herceg Biserkin<\/li>\n<\/ol>\n","protected":false},"excerpt":{"rendered":"<p>Popis \u010dlanova mrtva\u010dnice Krvnica Gornji Radi\u0161i\u0107i Ivan Mileti\u0107 p. Mije &#8220;\u0106i\u0107e&#8221; Mirko Mileti\u0107 p. Mije &#8211; Predgra\u0111e Ante Zlopa\u0161a p.<\/p>\n","protected":false},"author":2,"featured_media":0,"parent":0,"menu_order":0,"comment_status":"closed","ping_status":"closed","template":"","meta":{"footnotes":""},"class_list":["post-85","page","type-page","status-publish","hentry"],"_links":{"self":[{"href":"https:\/\/radisici.ba\/index.php?rest_route=\/wp\/v2\/pages\/85","targetHints":{"allow":["GET"]}}],"collection":[{"href":"https:\/\/radisici.ba\/index.php?rest_route=\/wp\/v2\/pages"}],"about":[{"href":"https:\/\/radisici.ba\/index.php?rest_route=\/wp\/v2\/types\/page"}],"author":[{"embeddable":true,"href":"https:\/\/radisici.ba\/index.php?rest_route=\/wp\/v2\/users\/2"}],"replies":[{"embeddable":true,"href":"https:\/\/radisici.ba\/index.php?rest_route=%2Fwp%2Fv2%2Fcomments&post=85"}],"version-history":[{"count":2,"href":"https:\/\/radisici.ba\/index.php?rest_route=\/wp\/v2\/pages\/85\/revisions"}],"predecessor-version":[{"id":125,"href":"https:\/\/radisici.ba\/index.php?rest_route=\/wp\/v2\/pages\/85\/revisions\/125"}],"wp:attachment":[{"href":"https:\/\/radisici.ba\/index.php?rest_route=%2Fwp%2Fv2%2Fmedia&parent=85"}],"curies":[{"name":"wp","href":"https:\/\/api.w.org\/{rel}","templated":true}]}}