{"id":509,"date":"2024-03-12T06:23:03","date_gmt":"2024-03-12T05:23:03","guid":{"rendered":"https:\/\/radisici.ba\/?page_id=509"},"modified":"2025-06-19T06:50:21","modified_gmt":"2025-06-19T05:50:21","slug":"darovatelji-za-obnovu-crkve-sv-nikole-tavelica-u-radisicima","status":"publish","type":"page","link":"https:\/\/radisici.ba\/?page_id=509","title":{"rendered":"Darovatelji za obnovu crkve Sv. Nikole Taveli\u0107a u Radi\u0161i\u0107ima"},"content":{"rendered":"<ol>\n<li>Zdravka Tomi\u0107 ud. Vlade-100 \u20acura<\/li>\n<li>Mario Medi\u0107 Anta\u0107ov-100 KM<\/li>\n<li>Ante Bunoza + Marijana-150 KM<\/li>\n<li>Rade Ere\u0161 + Frane-200 KM<\/li>\n<li>Josip Medi\u0107 + Kre\u0161e -100 KM<\/li>\n<li>Ivan Mileti\u0107(\u0106i\u0107e) + Mije -150 KM<\/li>\n<li>Filip \u0160unji\u0107 -300 KM<\/li>\n<li>Anton Nosi\u0107 -50 \u20acura<\/li>\n<li>Ivanka Nosi\u0107 ud. \u017deljka -100 KM<\/li>\n<li>Milenko Dropulji\u0107 -200 KM<\/li>\n<li>Vinko Bunoza + Ivana -100 KM<\/li>\n<li>Marijan Bunoza + Bo\u017ee -100 KM<\/li>\n<li>Ante Primorac + Frane -200 KM<\/li>\n<li>Zoran Bok\u0161i\u0107 + Ivana -100 KM<\/li>\n<li>Bo\u017eo Luburi\u0107(Jablan)-50 KM<\/li>\n<li>Dragan Primorac (Ivanov) -200 KM<\/li>\n<li>Mile Luburi\u0107 (Kovi\u0107) -100 KM<\/li>\n<li>Nevenko Primorac + Jure -100 \u20acura<\/li>\n<li>Zora Ere\u0161 + Mi\u0107e -50 \u20acura<\/li>\n<li>Ivan Luburi\u0107 ( Kovi\u0107) -150 KM<\/li>\n<li>Mladen Mileti\u0107 + Marijana -200 KM<\/li>\n<li>Ivan(jony) i Sre\u0107ko Medi\u0107 -410 \u20acura (jedan crkveni prozor)<\/li>\n<li>Ante Primorac + Marijana-100 \u20acura<\/li>\n<li>Stipe Medi\u0107\u00a0 -100 KM<\/li>\n<li>Vinko Medi\u0107 + Ante -100 KM<\/li>\n<li>Ante Mili\u0107evi\u0107 + \u017darka -100 KM<\/li>\n<li>Vice Ere\u0161-200 KM<\/li>\n<li>Jozo Mari\u0107-100 KM<\/li>\n<li>Ivanka Bunoza ud. Mirka \u2013 100 KM<\/li>\n<li>Draga i Jasna Zovak-100 KM<\/li>\n<li>Kre\u0161o Tomi\u0107- 100KM<\/li>\n<li>Marijan Skoko + Vinka -100 KM<\/li>\n<li>Mate Primorac +Marijana \u2013 100Eura<\/li>\n<li>Ne\u0111o i Mario Primorac- 200 Eura<\/li>\n<li>Ljilja Bunoza ud. Mirka-50 Eura<\/li>\n<li>Stojan Ere\u0161 +Blage \u2013 100 Eura<\/li>\n<li>\u017deljko Koroman -50 Eura<\/li>\n<li>Bari\u0161a \u0160unji\u0107 \u2013 100 KM<\/li>\n<li>Miro Ere\u0161\u00a0 + Luke-50 Eura<\/li>\n<li>Antun Primorac + Dragana -100 KM<\/li>\n<li>\u017darko Vujevi\u0107 -100 Eura<\/li>\n<li>Ante \u0160unji\u0107 +Karla -100 KM<\/li>\n<li>Obitelj Vego -400 KM<\/li>\n<li>Stipe Bunoza + Veselka \u2013 100 KM<\/li>\n<li>Branko Zlopa\u0161a \u2013 100 KM<\/li>\n<li>Franjo Zlopa\u0161a Brankov -50 Eura<\/li>\n<li>Branko \u0160arac + Bonke -100 Eura<\/li>\n<li>Bono \u0160arac + Pave -100Eura<\/li>\n<li>Andrija Primorac Davorov \u2013 100 KM<\/li>\n<li>Ante Mili\u010devi\u0107 + \u017darka-100 KM<\/li>\n<li>Zlatko \u0160umelj + Ivana \u2013 200 KM<\/li>\n<li>Tomislav Skoko\u00a0 Antin-100 KM<\/li>\n<li>Zoran Bunoza +Marijan -50 Eura<\/li>\n<li>Bo\u017ee Ere\u0161 + Tome -100 Eura<\/li>\n<li>Anica Vujevi\u0107 ud. Ante \u2013 100 Eura<\/li>\n<li>Marijo Tomi\u0107 + Zdravka -100 Eura<\/li>\n<li>Milenko Tomi\u0107 + Zdravka -100 Eura<\/li>\n<li>Marija Ere\u0161 ud. Mate-100 KM<\/li>\n<li>Velimir Dropulji\u0107 \u2013 100 KM<\/li>\n<li>Marijan Mijo\u010d \u2013 200 KM<\/li>\n<li>Ante Medi\u0107 (Gale) \u2013 100 \u20acura<\/li>\n<li>Slobodan (Bodo ) Bunoza -100 \u20acura<\/li>\n<li>Gojan Nosi\u0107 \u2013 100 KM<\/li>\n<li>Stana \u0160arac -50 KM<\/li>\n<li>65.Damir Tomi\u0107 \u2013 200 KM<\/li>\n<li>Ivica Ere\u0161 \u2013 100 \u20acura<\/li>\n<li>Berislav Bunoza -100 KM<\/li>\n<li>Markan Medi\u0107 + Jure -200 KM<\/li>\n<li>Nada Bunoza + Stanka -100 KM<\/li>\n<li>Miro Dugand\u017ei\u0107 + Rude \u2013 100 KM<\/li>\n<li>Milenko Boras + Nikole \u2013 100 KM<\/li>\n<li>Bo\u017eidar Koroman -400 KM<\/li>\n<li>Sre\u0107ko Primorac + Drage -200 KM<\/li>\n<li>Marijo Dropulji\u0107 + Mirka -100 \u20acura<\/li>\n<li>Jozo Medi\u0107 + Ante \u2013 50 \u20acura<\/li>\n<li>Stojka Primorac ud. Ivana -100 KM<\/li>\n<li>Stanko Medi\u0107\u00a0 + Jure -300 KM<\/li>\n<li>Tihomir Mari\u0107-Milanov-200 KM<\/li>\n<li>Matijas Bunoza \u2013 100 \u20acura<\/li>\n<li>Ivan Tomi\u0107 \u2013 Tomin-150 KM<\/li>\n<li>Dane Bunoza \u2013 100 \u20acura<\/li>\n<li>Vilka Solin ud.Pere-100 KM<\/li>\n<li>Milko Dugand\u017ei\u0107 \u2013 100KM<\/li>\n<li>Miljenko Ere\u0161 +Kre\u0161e -100 KM<\/li>\n<li>Denis Luburi\u0107 -100 \u20acura<\/li>\n<li>Pero Dugand\u017ei\u0107 + Branka -150 KM<\/li>\n<li>Ivica Tomi\u0107 ud. Joze -100 KM<\/li>\n<li>Miro Ba\u0161i\u0107 -200 KM<\/li>\n<li>Dra\u017eenko i Marija Mijo\u010d -100 KM<\/li>\n<li>Blago Ere\u0161 + Tadije -200 KM<\/li>\n<li>Iva Ere\u0161 ud. Ante -100 KM<\/li>\n<li>Marijan Ere\u0161 + Stojana -100 \u20acura<\/li>\n<li>Ivan Ere\u0161 + Stojana -100 \u20acura<\/li>\n<li>Mate Tomi\u0107 + Milana \u2013 100 KM<\/li>\n<li>Mila Ere\u0161 ud. Ante -100 KM<\/li>\n<li>Jure Bunoza + Stanka -100 KM<\/li>\n<li>\u017deljko Tomi\u0107 + Milana -300 KM<\/li>\n<li>Damir Medi\u0107 + Drage -100 KM<\/li>\n<li>Nedjeljko Ere\u0161 (\u0160kico ) \u2013 150 KM<\/li>\n<li>Organizatori turnira zaselaka Leda 2014 god. \u2013 10.000 KM<\/li>\n<li>Pero Konjevod-150KM<\/li>\n<li>Berislav Ba\u0161i\u0107 -100\u20acura<\/li>\n<li>Tonko Rogi\u0107 -50\u20acura<\/li>\n<li>Mi\u0107e Bok\u0161i\u0107+Ivana -150KM<\/li>\n<li>Mijo Hrsti\u0107 &#8211; 200\u20acura<\/li>\n<li>Filip Dugand\u017ei\u0107-Runjin-100KM<\/li>\n<li>Iva Bunoza ud. Mile &#8211; 100KM<\/li>\n<li>\u00a0Ivan Tomi\u0107 \u2013 Zvonkin-100KM<\/li>\n<li>Vlado Primorac + Nikole-450 \u20acura<\/li>\n<li>\u017darko Bunoza -100 KM<\/li>\n<li>Dra\u017ean Ere\u0161 \u2013Milenkov- 100 KM<\/li>\n<li>Ranko Luburi\u0107 -100 \u20acura<\/li>\n<li>Ante Skoko + Vinka -100 KM<\/li>\n<li>Ante Medi\u0107 + Ivana -100 KM<\/li>\n<li>Marin Medi\u0107 Jadrankin -100KM<\/li>\n<li>Bla\u017e Mili\u010devi\u0107 + Mirka -100KM<\/li>\n<li>Mirko Luburi\u0107 -100Km<\/li>\n<li>Nikola Dugand\u017ei\u0107 s ob.\u00a0 -450\u20ac<\/li>\n<li>Milenko Bok\u0161i\u0107 + Ivana -100\u20ac<\/li>\n<li>Ivan Dropulji\u0107 + Marka -200KM<\/li>\n<li>Obitelj + Slobodana Primorca -200KM<\/li>\n<li>Karlo Ere\u0161 + Marinka -200\u20ac<\/li>\n<li>Obitelj \u010cuvalo &#8211; 200 KM<\/li>\n<li>Milan i Vera Hrsti\u0107 &#8211; 100 KM<\/li>\n<li>Mate i Neda \u010cuvalo &#8211; 100 KM<\/li>\n<li>Rade i Ivica Alilovi\u0107 &#8211; 300 CAD<\/li>\n<li>Jozo \u0160arac Matin &#8211; 100 \u20ac<\/li>\n<li>\u017deljko Mari\u0107 + Ivana &#8211; 100 \u20ac<\/li>\n<li>Nevenko Ere\u0161 Marijanov &#8211; 200 KM<\/li>\n<li>Milan i Vera Dropulji\u0107 &#8211; 100 \u20ac<\/li>\n<li>Mijo Medi\u0107 + Ivana &#8211; 150 \u20ac<\/li>\n<li>Obitelj Ivanke Primorac &#8211; 200 KM<\/li>\n<li>Bla\u017e Knezovi\u0107 &#8211; 100 KM<\/li>\n<li>Marijo Primorac Filsoni\u0107 200 \u20ac<\/li>\n<li>Frano Luburi\u0107 Kovi\u0107 200 USD<\/li>\n<\/ol>\n","protected":false},"excerpt":{"rendered":"<p>Zdravka Tomi\u0107 ud. Vlade-100 \u20acura Mario Medi\u0107 Anta\u0107ov-100 KM Ante Bunoza + Marijana-150 KM Rade Ere\u0161 + Frane-200 KM Josip<\/p>\n","protected":false},"author":2,"featured_media":535,"parent":0,"menu_order":0,"comment_status":"closed","ping_status":"closed","template":"","meta":{"footnotes":""},"class_list":["post-509","page","type-page","status-publish","has-post-thumbnail","hentry"],"_links":{"self":[{"href":"https:\/\/radisici.ba\/index.php?rest_route=\/wp\/v2\/pages\/509","targetHints":{"allow":["GET"]}}],"collection":[{"href":"https:\/\/radisici.ba\/index.php?rest_route=\/wp\/v2\/pages"}],"about":[{"href":"https:\/\/radisici.ba\/index.php?rest_route=\/wp\/v2\/types\/page"}],"author":[{"embeddable":true,"href":"https:\/\/radisici.ba\/index.php?rest_route=\/wp\/v2\/users\/2"}],"replies":[{"embeddable":true,"href":"https:\/\/radisici.ba\/index.php?rest_route=%2Fwp%2Fv2%2Fcomments&post=509"}],"version-history":[{"count":9,"href":"https:\/\/radisici.ba\/index.php?rest_route=\/wp\/v2\/pages\/509\/revisions"}],"predecessor-version":[{"id":821,"href":"https:\/\/radisici.ba\/index.php?rest_route=\/wp\/v2\/pages\/509\/revisions\/821"}],"wp:featuredmedia":[{"embeddable":true,"href":"https:\/\/radisici.ba\/index.php?rest_route=\/wp\/v2\/media\/535"}],"wp:attachment":[{"href":"https:\/\/radisici.ba\/index.php?rest_route=%2Fwp%2Fv2%2Fmedia&parent=509"}],"curies":[{"name":"wp","href":"https:\/\/api.w.org\/{rel}","templated":true}]}}